{"id":198,"date":"2018-09-26T13:17:13","date_gmt":"2018-09-26T11:17:13","guid":{"rendered":"http:\/\/demo.athemes.com\/atu-agency\/?page_id=198"},"modified":"2024-02-24T18:50:38","modified_gmt":"2024-02-24T17:50:38","slug":"chi-sono","status":"publish","type":"page","link":"https:\/\/getamwithcynthia.com\/index.php\/chi-sono\/","title":{"rendered":"Chi Sono"},"content":{"rendered":"\t\t<div data-elementor-type=\"wp-page\" data-elementor-id=\"198\" class=\"elementor elementor-198\" data-elementor-settings=\"[]\">\n\t\t\t\t\t\t\t<div class=\"elementor-section-wrap\">\n\t\t\t\t\t\t\t<section class=\"elementor-section elementor-top-section elementor-element elementor-element-68f03ed elementor-section-boxed elementor-section-height-default elementor-section-height-default\" data-id=\"68f03ed\" data-element_type=\"section\" data-settings=\"{&quot;background_background&quot;:&quot;slideshow&quot;,&quot;background_slideshow_gallery&quot;:[{&quot;id&quot;:255,&quot;url&quot;:&quot;https:\\\/\\\/getamwithcynthia.com\\\/wp-content\\\/uploads\\\/2021\\\/03\\\/susan-yin-2JIvboGLeho-unsplash-scaled.jpg&quot;}],&quot;background_slideshow_loop&quot;:&quot;yes&quot;,&quot;background_slideshow_slide_duration&quot;:5000,&quot;background_slideshow_slide_transition&quot;:&quot;fade&quot;,&quot;background_slideshow_transition_duration&quot;:500}\">\n\t\t\t\t\t\t<div class=\"elementor-container elementor-column-gap-default\">\n\t\t\t\t\t<div class=\"elementor-column elementor-col-100 elementor-top-column elementor-element elementor-element-b402144\" data-id=\"b402144\" data-element_type=\"column\">\n\t\t\t<div class=\"elementor-widget-wrap elementor-element-populated\">\n\t\t\t\t\t\t\t\t<div class=\"elementor-element elementor-element-2ef8306 elementor-widget elementor-widget-spacer\" data-id=\"2ef8306\" data-element_type=\"widget\" data-widget_type=\"spacer.default\">\n\t\t\t\t<div class=\"elementor-widget-container\">\n\t\t\t\t\t<div class=\"elementor-spacer\">\n\t\t\t<div class=\"elementor-spacer-inner\"><\/div>\n\t\t<\/div>\n\t\t\t\t<\/div>\n\t\t\t\t<\/div>\n\t\t\t\t<div class=\"elementor-element elementor-element-494e4a0 elementor-widget elementor-widget-heading\" data-id=\"494e4a0\" data-element_type=\"widget\" data-widget_type=\"heading.default\">\n\t\t\t\t<div class=\"elementor-widget-container\">\n\t\t\t<h2 class=\"elementor-heading-title elementor-size-large\">CHI SONO<\/h2>\t\t<\/div>\n\t\t\t\t<\/div>\n\t\t\t\t<div class=\"elementor-element elementor-element-aef9376 elementor-widget elementor-widget-spacer\" data-id=\"aef9376\" data-element_type=\"widget\" data-widget_type=\"spacer.default\">\n\t\t\t\t<div class=\"elementor-widget-container\">\n\t\t\t\t\t<div class=\"elementor-spacer\">\n\t\t\t<div class=\"elementor-spacer-inner\"><\/div>\n\t\t<\/div>\n\t\t\t\t<\/div>\n\t\t\t\t<\/div>\n\t\t\t\t\t<\/div>\n\t\t<\/div>\n\t\t\t\t\t\t\t<\/div>\n\t\t<\/section>\n\t\t\t\t<section class=\"elementor-section elementor-top-section elementor-element elementor-element-48801e1f elementor-section-full_width elementor-section-height-default elementor-section-height-default\" data-id=\"48801e1f\" data-element_type=\"section\" data-settings=\"{&quot;background_background&quot;:&quot;classic&quot;}\">\n\t\t\t\t\t\t<div class=\"elementor-container elementor-column-gap-custom\">\n\t\t\t\t\t<div class=\"elementor-column elementor-col-50 elementor-top-column elementor-element elementor-element-2b921385\" data-id=\"2b921385\" data-element_type=\"column\">\n\t\t\t<div class=\"elementor-widget-wrap elementor-element-populated\">\n\t\t\t\t\t\t\t\t<div class=\"elementor-element elementor-element-4251c4d3 elementor-widget elementor-widget-heading\" data-id=\"4251c4d3\" data-element_type=\"widget\" data-widget_type=\"heading.default\">\n\t\t\t\t<div class=\"elementor-widget-container\">\n\t\t\t<h2 class=\"elementor-heading-title elementor-size-default\">Chi Sono<\/h2>\t\t<\/div>\n\t\t\t\t<\/div>\n\t\t\t\t<div class=\"elementor-element elementor-element-5cff5c74 elementor-widget elementor-widget-text-editor\" data-id=\"5cff5c74\" data-element_type=\"widget\" data-widget_type=\"text-editor.default\">\n\t\t\t\t<div class=\"elementor-widget-container\">\n\t\t\t\t\t<div class=\"elementor-text-editor elementor-clearfix\"><p>Mi chiamo Cinzia Fortuni, classe 1965, diploma di ragioniere e perito commerciale. Dopo quattordici anni di esperienza lavorativa in commercio estero e logistica presso un&#8217;importante azienda di abbigliamento del Veneto, dal 2001 vivo la mia grande passione dell&#8217;insegnamento come tutor scolastico privato per studenti delle scuole primarie e secondarie di primo e secondo grado in molte materie anche professionali. In seguito al mio costante affiancamento negli studi, i docenti dei miei allievi hanno segnalato ai genitori miglioramenti considerevoli nell&#8217;apprendimento e nei risultati. Ora insegno Italiano, Matematica, Inglese, Francese, Tedesco e Spagnolo. Ho studiato Tedesco e Spagnolo privatamente ottenendo il &#8220;Zertifikat Deutsch als Fremdsprache&#8221; e il &#8220;Diploma de Espa\u00f1ol como Lengua Extranjera&#8221;. Ho il 1\u00b0 livello di specializzazione internazionale in Programmazione NeuroLinguistica &#8211; Coaching; nel 2014 ho frequentato a Milano il corso PNL di 20 ore per &#8220;Professionista in intelligenza Linguistica&#8221;. Ho partecipato a vari corsi di Fisica Quantistica su &#8220;Il potere del cervello quantico&#8221;.<\/p>\n<p>Nel 2011 ho iniziato a frequentare numerosi corsi organizzati da esperti di rinomata fama nel settore della&nbsp;comunicazione. &nbsp;<\/p>\n<p><\/p>\n<p>Nel 2016 ho completato l&#8217;Academy Hrd di Roberto Re.<\/p>\n<p>Nel 2017 ho partecipato a Milano ai corsi Hrd &#8220;Apprendimento rapido&#8221; di 24 ore e &#8220;Lettura rapida&#8221; di 20 ore tenuti da un professionista.<\/p>\n<p>Nel mese di ottobre 2018 ho preso parte al percorso &#8220;Linguaggi Educativi&#8221; organizzato da UCP di Camponogara VE e tenuto da esperti per genitori ed insegnanti.<\/p>\n<p>Il 19\/11\/&#8217;18 ho preso parte a Milano alla Tavola Rotonda degli Stati Generali di filosofia bambini su &#8220;Il pensiero critico&#8221;&nbsp; organizzata dall&#8217;Associazione Ludosofici.&nbsp;<\/p>\n<p>A novembre 2018 e novembre 2019 a Milano c\/o l\u2019Universit\u00e0 Bicocca ho partecipato alle edizioni del grande forum femminile di Elle Active! &#8220;Attiva il cambiamento!&#8221;.<\/p>\n<p>Ora continuo a seguire periodicamente corsi di comunicazione per aggiornamenti e nuove informazioni.&nbsp;Studio lingua e cultura cinese.<\/p><p>M\u2019interesso di Grafologia come strumento \u2018nuovo\u2019 per capire e aiutare meglio gli studenti nel mio tutoraggio.&nbsp;<br><\/p>\n<p>Adoro viaggiare, conoscere nuove culture, leggere, cucinare ed usare la mia creativit\u00e0. M&#8217;interesso di tutto ci\u00f2 che pu\u00f2 far fruttare appieno il potenziale umano e migliorare la qualit\u00e0 di vita nelle sue dimensioni mente-corpo-spirito ed emozioni.<\/p>\n<p>Nel 2006, assieme a mio figlio, ho vinto il 2o premio come &#8220;originale presepio&#8221;&nbsp; utilizzando le bottigliette degli hotels per le statuine.<\/p>\n<p>Il 29\/07\/&#8217;15 ho ricevuto dal mio Coach un riconoscimento per la &#8221; Miglior fisiologia &#8221; durante il programma Fly di Roberto Re.<\/p>\n<p>Il 15\/12\/&#8217;15 ho ricevuto dal mio Coach un riconoscimento per il &#8221; Miglior atteggiamento &#8221; durante il programma Fly di Roberto Re.<\/p>\n<p>Dal 2018 il magazine Donna Moderna pubblica diversi miei suggerimenti e articoli su alcune tematiche di interesse generale.<\/p>\n<p>Il 26\/03\/\u201819 una giornalista di Donna Moderna mi intervista riguardo alla mia nuova attivit\u00e0 e il 18\/04\/\u201819 viene pubblicato il suo articolo sul settimanale.<\/p><\/div>\n\t\t\t\t<\/div>\n\t\t\t\t<\/div>\n\t\t\t\t\t<\/div>\n\t\t<\/div>\n\t\t\t\t<div class=\"elementor-column elementor-col-50 elementor-top-column elementor-element elementor-element-2c638a02\" data-id=\"2c638a02\" data-element_type=\"column\">\n\t\t\t<div class=\"elementor-widget-wrap elementor-element-populated\">\n\t\t\t\t\t\t\t\t<div class=\"elementor-element elementor-element-7e9df71 elementor-widget elementor-widget-spacer\" data-id=\"7e9df71\" data-element_type=\"widget\" data-widget_type=\"spacer.default\">\n\t\t\t\t<div class=\"elementor-widget-container\">\n\t\t\t\t\t<div class=\"elementor-spacer\">\n\t\t\t<div class=\"elementor-spacer-inner\"><\/div>\n\t\t<\/div>\n\t\t\t\t<\/div>\n\t\t\t\t<\/div>\n\t\t\t\t<div class=\"elementor-element elementor-element-1065b5c4 elementor-widget elementor-widget-image\" data-id=\"1065b5c4\" data-element_type=\"widget\" data-widget_type=\"image.default\">\n\t\t\t\t<div class=\"elementor-widget-container\">\n\t\t\t\t\t<div class=\"elementor-image\">\n\t\t\t\t\t\t\t\t\t\t<img loading=\"lazy\" decoding=\"async\" width=\"768\" height=\"1024\" src=\"https:\/\/getamwithcynthia.com\/wp-content\/uploads\/2021\/03\/Chi-sono-768x1024.jpg\" class=\"attachment-large size-large\" alt=\"\" srcset=\"https:\/\/getamwithcynthia.com\/wp-content\/uploads\/2021\/03\/Chi-sono-768x1024.jpg 768w, https:\/\/getamwithcynthia.com\/wp-content\/uploads\/2021\/03\/Chi-sono-225x300.jpg 225w, https:\/\/getamwithcynthia.com\/wp-content\/uploads\/2021\/03\/Chi-sono-720x960.jpg 720w, https:\/\/getamwithcynthia.com\/wp-content\/uploads\/2021\/03\/Chi-sono.jpg 960w\" sizes=\"(max-width: 768px) 100vw, 768px\" \/>\t\t\t\t\t\t\t\t\t\t\t<\/div>\n\t\t\t\t<\/div>\n\t\t\t\t<\/div>\n\t\t\t\t\t<\/div>\n\t\t<\/div>\n\t\t\t\t\t\t\t<\/div>\n\t\t<\/section>\n\t\t\t\t<section class=\"elementor-section elementor-top-section elementor-element elementor-element-6a33441 elementor-section-boxed elementor-section-height-default elementor-section-height-default\" data-id=\"6a33441\" data-element_type=\"section\">\n\t\t\t\t\t\t<div class=\"elementor-container elementor-column-gap-default\">\n\t\t\t\t\t<div class=\"elementor-column elementor-col-66 elementor-top-column elementor-element elementor-element-5fa0662\" data-id=\"5fa0662\" data-element_type=\"column\">\n\t\t\t<div class=\"elementor-widget-wrap elementor-element-populated\">\n\t\t\t\t\t\t\t\t<div class=\"elementor-element elementor-element-13d2c67 elementor-widget elementor-widget-spacer\" data-id=\"13d2c67\" data-element_type=\"widget\" data-widget_type=\"spacer.default\">\n\t\t\t\t<div class=\"elementor-widget-container\">\n\t\t\t\t\t<div class=\"elementor-spacer\">\n\t\t\t<div class=\"elementor-spacer-inner\"><\/div>\n\t\t<\/div>\n\t\t\t\t<\/div>\n\t\t\t\t<\/div>\n\t\t\t\t<div class=\"elementor-element elementor-element-693bc01 elementor-widget elementor-widget-heading\" data-id=\"693bc01\" data-element_type=\"widget\" data-widget_type=\"heading.default\">\n\t\t\t\t<div class=\"elementor-widget-container\">\n\t\t\t<h2 class=\"elementor-heading-title elementor-size-default\">ARTICOLI DONNA MODERNA<\/h2>\t\t<\/div>\n\t\t\t\t<\/div>\n\t\t\t\t\t<\/div>\n\t\t<\/div>\n\t\t\t\t<div class=\"elementor-column elementor-col-33 elementor-top-column elementor-element elementor-element-228bb54\" data-id=\"228bb54\" data-element_type=\"column\">\n\t\t\t<div class=\"elementor-widget-wrap\">\n\t\t\t\t\t\t\t\t\t<\/div>\n\t\t<\/div>\n\t\t\t\t\t\t\t<\/div>\n\t\t<\/section>\n\t\t\t\t<section class=\"elementor-section elementor-top-section elementor-element elementor-element-5e44d8e elementor-section-boxed elementor-section-height-default elementor-section-height-default\" data-id=\"5e44d8e\" data-element_type=\"section\">\n\t\t\t\t\t\t<div class=\"elementor-container elementor-column-gap-default\">\n\t\t\t\t\t<div class=\"elementor-column elementor-col-100 elementor-top-column elementor-element elementor-element-26af38d\" data-id=\"26af38d\" data-element_type=\"column\">\n\t\t\t<div class=\"elementor-widget-wrap elementor-element-populated\">\n\t\t\t\t\t\t\t\t<div class=\"elementor-element elementor-element-eee9e4e elementor-widget elementor-widget-spacer\" data-id=\"eee9e4e\" data-element_type=\"widget\" data-widget_type=\"spacer.default\">\n\t\t\t\t<div class=\"elementor-widget-container\">\n\t\t\t\t\t<div class=\"elementor-spacer\">\n\t\t\t<div class=\"elementor-spacer-inner\"><\/div>\n\t\t<\/div>\n\t\t\t\t<\/div>\n\t\t\t\t<\/div>\n\t\t\t\t<div class=\"elementor-element elementor-element-7c9cb14 elementor-widget elementor-widget-heading\" data-id=\"7c9cb14\" data-element_type=\"widget\" data-widget_type=\"heading.default\">\n\t\t\t\t<div class=\"elementor-widget-container\">\n\t\t\t<h1 class=\"elementor-heading-title elementor-size-default\">DONNA MODERNA 18 APRILE 2019 - N\u00b018<\/h1>\t\t<\/div>\n\t\t\t\t<\/div>\n\t\t\t\t<div class=\"elementor-element elementor-element-0001102 elementor-widget elementor-widget-spacer\" data-id=\"0001102\" data-element_type=\"widget\" data-widget_type=\"spacer.default\">\n\t\t\t\t<div class=\"elementor-widget-container\">\n\t\t\t\t\t<div class=\"elementor-spacer\">\n\t\t\t<div class=\"elementor-spacer-inner\"><\/div>\n\t\t<\/div>\n\t\t\t\t<\/div>\n\t\t\t\t<\/div>\n\t\t\t\t\t<\/div>\n\t\t<\/div>\n\t\t\t\t\t\t\t<\/div>\n\t\t<\/section>\n\t\t\t\t<section class=\"elementor-section elementor-top-section elementor-element elementor-element-f3b06e6 elementor-section-full_width elementor-section-height-default elementor-section-height-default\" data-id=\"f3b06e6\" data-element_type=\"section\">\n\t\t\t\t\t\t<div class=\"elementor-container elementor-column-gap-default\">\n\t\t\t\t\t<div class=\"elementor-column elementor-col-33 elementor-top-column elementor-element elementor-element-defae28\" data-id=\"defae28\" data-element_type=\"column\">\n\t\t\t<div class=\"elementor-widget-wrap elementor-element-populated\">\n\t\t\t\t\t\t\t\t<div class=\"elementor-element elementor-element-ae269a0 elementor-widget elementor-widget-image\" data-id=\"ae269a0\" data-element_type=\"widget\" data-widget_type=\"image.default\">\n\t\t\t\t<div class=\"elementor-widget-container\">\n\t\t\t\t\t<div class=\"elementor-image\">\n\t\t\t\t\t\t\t\t\t\t<img loading=\"lazy\" decoding=\"async\" width=\"806\" height=\"1024\" src=\"https:\/\/getamwithcynthia.com\/wp-content\/uploads\/2021\/07\/COPERTINA-GRANDE-806x1024.png\" class=\"attachment-large size-large\" alt=\"\" srcset=\"https:\/\/getamwithcynthia.com\/wp-content\/uploads\/2021\/07\/COPERTINA-GRANDE-806x1024.png 806w, https:\/\/getamwithcynthia.com\/wp-content\/uploads\/2021\/07\/COPERTINA-GRANDE-236x300.png 236w, https:\/\/getamwithcynthia.com\/wp-content\/uploads\/2021\/07\/COPERTINA-GRANDE-768x976.png 768w, https:\/\/getamwithcynthia.com\/wp-content\/uploads\/2021\/07\/COPERTINA-GRANDE-720x915.png 720w, https:\/\/getamwithcynthia.com\/wp-content\/uploads\/2021\/07\/COPERTINA-GRANDE.png 1162w\" sizes=\"(max-width: 806px) 100vw, 806px\" \/>\t\t\t\t\t\t\t\t\t\t\t<\/div>\n\t\t\t\t<\/div>\n\t\t\t\t<\/div>\n\t\t\t\t\t<\/div>\n\t\t<\/div>\n\t\t\t\t<div class=\"elementor-column elementor-col-33 elementor-top-column elementor-element elementor-element-974cfe4\" data-id=\"974cfe4\" data-element_type=\"column\">\n\t\t\t<div class=\"elementor-widget-wrap elementor-element-populated\">\n\t\t\t\t\t\t\t\t<div class=\"elementor-element elementor-element-6f8e301 elementor-widget elementor-widget-image\" data-id=\"6f8e301\" data-element_type=\"widget\" data-widget_type=\"image.default\">\n\t\t\t\t<div class=\"elementor-widget-container\">\n\t\t\t\t\t<div class=\"elementor-image\">\n\t\t\t\t\t\t\t\t\t\t<img loading=\"lazy\" decoding=\"async\" width=\"744\" height=\"950\" src=\"https:\/\/getamwithcynthia.com\/wp-content\/uploads\/2021\/03\/PAGINA-1.png\" class=\"attachment-large size-large\" alt=\"\" srcset=\"https:\/\/getamwithcynthia.com\/wp-content\/uploads\/2021\/03\/PAGINA-1.png 744w, https:\/\/getamwithcynthia.com\/wp-content\/uploads\/2021\/03\/PAGINA-1-235x300.png 235w, https:\/\/getamwithcynthia.com\/wp-content\/uploads\/2021\/03\/PAGINA-1-720x919.png 720w\" sizes=\"(max-width: 744px) 100vw, 744px\" \/>\t\t\t\t\t\t\t\t\t\t\t<\/div>\n\t\t\t\t<\/div>\n\t\t\t\t<\/div>\n\t\t\t\t\t<\/div>\n\t\t<\/div>\n\t\t\t\t<div class=\"elementor-column elementor-col-33 elementor-top-column elementor-element elementor-element-79a622a\" data-id=\"79a622a\" data-element_type=\"column\">\n\t\t\t<div class=\"elementor-widget-wrap elementor-element-populated\">\n\t\t\t\t\t\t\t\t<div class=\"elementor-element elementor-element-6d40301 elementor-widget elementor-widget-image\" data-id=\"6d40301\" data-element_type=\"widget\" data-widget_type=\"image.default\">\n\t\t\t\t<div class=\"elementor-widget-container\">\n\t\t\t\t\t<div class=\"elementor-image\">\n\t\t\t\t\t\t\t\t\t\t<img loading=\"lazy\" decoding=\"async\" width=\"744\" height=\"909\" src=\"https:\/\/getamwithcynthia.com\/wp-content\/uploads\/2021\/03\/PAGINA-2.png\" class=\"attachment-large size-large\" alt=\"\" srcset=\"https:\/\/getamwithcynthia.com\/wp-content\/uploads\/2021\/03\/PAGINA-2.png 744w, https:\/\/getamwithcynthia.com\/wp-content\/uploads\/2021\/03\/PAGINA-2-246x300.png 246w, https:\/\/getamwithcynthia.com\/wp-content\/uploads\/2021\/03\/PAGINA-2-720x880.png 720w\" sizes=\"(max-width: 744px) 100vw, 744px\" \/>\t\t\t\t\t\t\t\t\t\t\t<\/div>\n\t\t\t\t<\/div>\n\t\t\t\t<\/div>\n\t\t\t\t\t<\/div>\n\t\t<\/div>\n\t\t\t\t\t\t\t<\/div>\n\t\t<\/section>\n\t\t\t\t<section class=\"elementor-section elementor-top-section elementor-element elementor-element-a859b87 elementor-section-boxed elementor-section-height-default elementor-section-height-default\" data-id=\"a859b87\" data-element_type=\"section\">\n\t\t\t\t\t\t<div class=\"elementor-container elementor-column-gap-default\">\n\t\t\t\t\t<div class=\"elementor-column elementor-col-100 elementor-top-column elementor-element elementor-element-781a1b8\" data-id=\"781a1b8\" data-element_type=\"column\">\n\t\t\t<div class=\"elementor-widget-wrap elementor-element-populated\">\n\t\t\t\t\t\t\t\t<div class=\"elementor-element elementor-element-a14db14 elementor-widget elementor-widget-spacer\" data-id=\"a14db14\" data-element_type=\"widget\" data-widget_type=\"spacer.default\">\n\t\t\t\t<div class=\"elementor-widget-container\">\n\t\t\t\t\t<div class=\"elementor-spacer\">\n\t\t\t<div class=\"elementor-spacer-inner\"><\/div>\n\t\t<\/div>\n\t\t\t\t<\/div>\n\t\t\t\t<\/div>\n\t\t\t\t<div class=\"elementor-element elementor-element-50fcf70 elementor-widget elementor-widget-heading\" data-id=\"50fcf70\" data-element_type=\"widget\" data-widget_type=\"heading.default\">\n\t\t\t\t<div class=\"elementor-widget-container\">\n\t\t\t<h1 class=\"elementor-heading-title elementor-size-default\">DONNA MODERNA 27 MAGGIO 2021 - N\u00b024<\/h1>\t\t<\/div>\n\t\t\t\t<\/div>\n\t\t\t\t<div class=\"elementor-element elementor-element-8cc47a4 elementor-widget elementor-widget-spacer\" data-id=\"8cc47a4\" data-element_type=\"widget\" data-widget_type=\"spacer.default\">\n\t\t\t\t<div class=\"elementor-widget-container\">\n\t\t\t\t\t<div class=\"elementor-spacer\">\n\t\t\t<div class=\"elementor-spacer-inner\"><\/div>\n\t\t<\/div>\n\t\t\t\t<\/div>\n\t\t\t\t<\/div>\n\t\t\t\t\t<\/div>\n\t\t<\/div>\n\t\t\t\t\t\t\t<\/div>\n\t\t<\/section>\n\t\t\t\t<section class=\"elementor-section elementor-top-section elementor-element elementor-element-68c9561 elementor-section-full_width elementor-section-height-default elementor-section-height-default\" data-id=\"68c9561\" data-element_type=\"section\">\n\t\t\t\t\t\t<div class=\"elementor-container elementor-column-gap-default\">\n\t\t\t\t\t<div class=\"elementor-column elementor-col-33 elementor-top-column elementor-element elementor-element-5e33142\" data-id=\"5e33142\" data-element_type=\"column\">\n\t\t\t<div class=\"elementor-widget-wrap elementor-element-populated\">\n\t\t\t\t\t\t\t\t<div class=\"elementor-element elementor-element-0227091 elementor-widget elementor-widget-image\" data-id=\"0227091\" data-element_type=\"widget\" data-widget_type=\"image.default\">\n\t\t\t\t<div class=\"elementor-widget-container\">\n\t\t\t\t\t<div class=\"elementor-image\">\n\t\t\t\t\t\t\t\t\t\t<img loading=\"lazy\" decoding=\"async\" width=\"778\" height=\"1024\" src=\"https:\/\/getamwithcynthia.com\/wp-content\/uploads\/2021\/07\/D5431D94-4862-44F2-BCDF-F0C055150B4C-778x1024.jpeg\" class=\"attachment-large size-large\" alt=\"\" srcset=\"https:\/\/getamwithcynthia.com\/wp-content\/uploads\/2021\/07\/D5431D94-4862-44F2-BCDF-F0C055150B4C-778x1024.jpeg 778w, https:\/\/getamwithcynthia.com\/wp-content\/uploads\/2021\/07\/D5431D94-4862-44F2-BCDF-F0C055150B4C-228x300.jpeg 228w, https:\/\/getamwithcynthia.com\/wp-content\/uploads\/2021\/07\/D5431D94-4862-44F2-BCDF-F0C055150B4C-768x1011.jpeg 768w, https:\/\/getamwithcynthia.com\/wp-content\/uploads\/2021\/07\/D5431D94-4862-44F2-BCDF-F0C055150B4C-1167x1536.jpeg 1167w, https:\/\/getamwithcynthia.com\/wp-content\/uploads\/2021\/07\/D5431D94-4862-44F2-BCDF-F0C055150B4C-1556x2048.jpeg 1556w, https:\/\/getamwithcynthia.com\/wp-content\/uploads\/2021\/07\/D5431D94-4862-44F2-BCDF-F0C055150B4C-720x947.jpeg 720w, https:\/\/getamwithcynthia.com\/wp-content\/uploads\/2021\/07\/D5431D94-4862-44F2-BCDF-F0C055150B4C-scaled.jpeg 1945w\" sizes=\"(max-width: 778px) 100vw, 778px\" \/>\t\t\t\t\t\t\t\t\t\t\t<\/div>\n\t\t\t\t<\/div>\n\t\t\t\t<\/div>\n\t\t\t\t\t<\/div>\n\t\t<\/div>\n\t\t\t\t<div class=\"elementor-column elementor-col-33 elementor-top-column elementor-element elementor-element-82711f6\" data-id=\"82711f6\" data-element_type=\"column\">\n\t\t\t<div class=\"elementor-widget-wrap elementor-element-populated\">\n\t\t\t\t\t\t\t\t<div class=\"elementor-element elementor-element-96abbd3 elementor-widget elementor-widget-image\" data-id=\"96abbd3\" data-element_type=\"widget\" data-widget_type=\"image.default\">\n\t\t\t\t<div class=\"elementor-widget-container\">\n\t\t\t\t\t<div class=\"elementor-image\">\n\t\t\t\t\t\t\t\t\t\t<img loading=\"lazy\" decoding=\"async\" width=\"784\" height=\"1024\" src=\"https:\/\/getamwithcynthia.com\/wp-content\/uploads\/2021\/07\/ART.-PART.1-784x1024.png\" class=\"attachment-large size-large\" alt=\"\" srcset=\"https:\/\/getamwithcynthia.com\/wp-content\/uploads\/2021\/07\/ART.-PART.1-784x1024.png 784w, https:\/\/getamwithcynthia.com\/wp-content\/uploads\/2021\/07\/ART.-PART.1-230x300.png 230w, https:\/\/getamwithcynthia.com\/wp-content\/uploads\/2021\/07\/ART.-PART.1-768x1003.png 768w, https:\/\/getamwithcynthia.com\/wp-content\/uploads\/2021\/07\/ART.-PART.1-1177x1536.png 1177w, https:\/\/getamwithcynthia.com\/wp-content\/uploads\/2021\/07\/ART.-PART.1-720x940.png 720w, https:\/\/getamwithcynthia.com\/wp-content\/uploads\/2021\/07\/ART.-PART.1.png 1398w\" sizes=\"(max-width: 784px) 100vw, 784px\" \/>\t\t\t\t\t\t\t\t\t\t\t<\/div>\n\t\t\t\t<\/div>\n\t\t\t\t<\/div>\n\t\t\t\t\t<\/div>\n\t\t<\/div>\n\t\t\t\t<div class=\"elementor-column elementor-col-33 elementor-top-column elementor-element elementor-element-edef966\" data-id=\"edef966\" data-element_type=\"column\">\n\t\t\t<div class=\"elementor-widget-wrap elementor-element-populated\">\n\t\t\t\t\t\t\t\t<div class=\"elementor-element elementor-element-3a74508 elementor-widget elementor-widget-image\" data-id=\"3a74508\" data-element_type=\"widget\" data-widget_type=\"image.default\">\n\t\t\t\t<div class=\"elementor-widget-container\">\n\t\t\t\t\t<div class=\"elementor-image\">\n\t\t\t\t\t\t\t\t\t\t<img loading=\"lazy\" decoding=\"async\" width=\"785\" height=\"1024\" src=\"https:\/\/getamwithcynthia.com\/wp-content\/uploads\/2021\/07\/ART.-PART.2-785x1024.png\" class=\"attachment-large size-large\" alt=\"\" srcset=\"https:\/\/getamwithcynthia.com\/wp-content\/uploads\/2021\/07\/ART.-PART.2-785x1024.png 785w, https:\/\/getamwithcynthia.com\/wp-content\/uploads\/2021\/07\/ART.-PART.2-230x300.png 230w, https:\/\/getamwithcynthia.com\/wp-content\/uploads\/2021\/07\/ART.-PART.2-768x1002.png 768w, https:\/\/getamwithcynthia.com\/wp-content\/uploads\/2021\/07\/ART.-PART.2-1177x1536.png 1177w, https:\/\/getamwithcynthia.com\/wp-content\/uploads\/2021\/07\/ART.-PART.2-720x939.png 720w, https:\/\/getamwithcynthia.com\/wp-content\/uploads\/2021\/07\/ART.-PART.2.png 1399w\" sizes=\"(max-width: 785px) 100vw, 785px\" \/>\t\t\t\t\t\t\t\t\t\t\t<\/div>\n\t\t\t\t<\/div>\n\t\t\t\t<\/div>\n\t\t\t\t\t<\/div>\n\t\t<\/div>\n\t\t\t\t\t\t\t<\/div>\n\t\t<\/section>\n\t\t\t\t\t\t<\/div>\n\t\t\t\t\t<\/div>\n\t\t","protected":false},"excerpt":{"rendered":"<p>CHI SONO Chi Sono Mi chiamo Cinzia Fortuni, classe 1965, diploma di ragioniere e perito commerciale. Dopo quattordici anni di [&hellip;]<\/p>\n","protected":false},"author":1,"featured_media":0,"parent":0,"menu_order":0,"comment_status":"closed","ping_status":"closed","template":"page-templates\/template_page-builder.php","meta":{"_monsterinsights_skip_tracking":false,"_monsterinsights_sitenote_active":false,"_monsterinsights_sitenote_note":"","_monsterinsights_sitenote_category":0,"footnotes":""},"aioseo_notices":[],"_links":{"self":[{"href":"https:\/\/getamwithcynthia.com\/index.php\/wp-json\/wp\/v2\/pages\/198"}],"collection":[{"href":"https:\/\/getamwithcynthia.com\/index.php\/wp-json\/wp\/v2\/pages"}],"about":[{"href":"https:\/\/getamwithcynthia.com\/index.php\/wp-json\/wp\/v2\/types\/page"}],"author":[{"embeddable":true,"href":"https:\/\/getamwithcynthia.com\/index.php\/wp-json\/wp\/v2\/users\/1"}],"replies":[{"embeddable":true,"href":"https:\/\/getamwithcynthia.com\/index.php\/wp-json\/wp\/v2\/comments?post=198"}],"version-history":[{"count":40,"href":"https:\/\/getamwithcynthia.com\/index.php\/wp-json\/wp\/v2\/pages\/198\/revisions"}],"predecessor-version":[{"id":693,"href":"https:\/\/getamwithcynthia.com\/index.php\/wp-json\/wp\/v2\/pages\/198\/revisions\/693"}],"wp:attachment":[{"href":"https:\/\/getamwithcynthia.com\/index.php\/wp-json\/wp\/v2\/media?parent=198"}],"curies":[{"name":"wp","href":"https:\/\/api.w.org\/{rel}","templated":true}]}}